{"id":2,"date":"2021-12-29T09:27:12","date_gmt":"2021-12-29T08:27:12","guid":{"rendered":"http:\/\/192.168.1.22\/perma\/?page_id=2"},"modified":"2024-03-24T07:45:20","modified_gmt":"2024-03-24T06:45:20","slug":"propos","status":"publish","type":"page","link":"https:\/\/permacultureenartois.fr\/index.php\/propos\/","title":{"rendered":"A propos"},"content":{"rendered":"\n<p><a href=\"https:\/\/permacultureenartois.fr\/wp-content\/uploads\/2024\/03\/Bulletin_adhesion_2024.pdf\">Bulletin d&rsquo;adh\u00e9sion ici<\/a><\/p>\n\n\n\n<p>Cette aventure a commenc\u00e9 entre deux voisins. Tous deux discutent permaculture, l&rsquo;un a acquis \u00e9norm\u00e9ment de connaissances en bouquinant, l&rsquo;autre met en pratique dans son propre potager.<\/p>\n\n\n\n<p>Un jour, par une simple rencontre avec Monsieur le Maire de Mont-Saint-Eloi, l&rsquo;id\u00e9e leur est venue, de partager avec d&rsquo;autres leurs connaissances. Quelques mots lanc\u00e9s, sur un projet existant qui concerne le jardin derri\u00e8re la mairie&#8230; Le jardin de cur\u00e9 \u2026<\/p>\n\n\n\n<p>Les cerveaux de ces deux voisins sont en \u00e9bullition ! Des soir\u00e9es pass\u00e9es \u00e0 discuter, imaginer, r\u00eaver !<\/p>\n\n\n\n<p>Une belle opportunit\u00e9 pour eux de se lancer.<\/p>\n\n\n\n<p>Apr\u00e8s plusieurs r\u00e9unions informelles, ils se retrouvent devant Monsieur Bavi\u00e8re et deviennent \u00ab porteurs du projet \u00bb concernant le jardin de cur\u00e9.<\/p>\n\n\n\n<p>Il a fallu mettre en place, un planning, r\u00e9fl\u00e9chir sur le plan du jardin, le type de plantes et arbres \u00e0 planter, et la cr\u00e9ation d&rsquo;une association.<\/p>\n\n\n\n<p>Entre temps, \u00ab la vie active \u00bb, adolescents et \u00e9ducateurs sont intervenues avec le soutient de la mairie pour nettoyer le jardin, fabriquer et installer les premi\u00e8res bordures en bois de palette. Au sein de l&rsquo;association, il sera fait en sorte que tous les actes soient r\u00e9versibles du point de vue de la nature. Par exemple : n&rsquo;utiliser que des mat\u00e9riaux naturels de fa\u00e7on \u00e0 ce que, si nous \u00ab\u00a0l&rsquo;abandonnons\u00a0\u00bb, elle revienne \u00e0 l&rsquo;\u00e9tat naturel dans un d\u00e9lai court sans qu&rsquo;aucun mat\u00e9riau non recyclable (plastique&#8230; ) ne vienne compromettre cela.<\/p>\n\n\n\n<p>Au mois de novembre apr\u00e8s plusieurs recherches, les adolescents ont pu planter les premiers fruitiers et pailler les premiers espaces.<\/p>\n\n\n\n<p>Courant d\u00e9cembre, ils ont continu\u00e9 les bordures et commenc\u00e9 la fabrication d\u2019h\u00f4tels \u00e0 insectes.<\/p>\n\n\n\n<p>Pendant que les cr\u00e9ateurs, eux, recherchaient des membres pour constituer l&rsquo;association et le \u00ab comit\u00e9 d&rsquo;orientation \u00bb qui prendra les grandes d\u00e9cisions.<\/p>\n\n\n\n<p>\u00ab Permaculture en Artois \u00bb est une association qui se veut bas\u00e9e sur l&rsquo;\u00e9coute, que ce soit de la nature ou de l&rsquo;homme. Dans cet optique, les membres se sont mit d&rsquo;accord pour diriger l&rsquo;association de mani\u00e8re coll\u00e9giale.<\/p>\n\n\n\n<p>Au 10 janvier 2020, 10 membres, dans ces 10 t\u00eates, plein d&rsquo;id\u00e9es en fusion \u2026 Les choses vont \u00e9voluer, et \u00ab Permaculture en Artois \u00bb est vou\u00e9e \u00e0 grandir. D\u00e9couvrez cela par vous m\u00eame en nous suivant, en vous abonnant \u00e0 la page et pourquoi pas en devenant membre ?<\/p>\n\n\n\n<p>A tr\u00e8s bient\u00f4t !<\/p>\n","protected":false},"excerpt":{"rendered":"<p>Bulletin d&rsquo;adh\u00e9sion ici Cette aventure a commenc\u00e9 entre deux voisins. Tous deux discutent permaculture, l&rsquo;un a acquis \u00e9norm\u00e9ment de connaissances en bouquinant, l&rsquo;autre met en&hellip;<\/p>\n","protected":false},"author":1,"featured_media":0,"parent":0,"menu_order":0,"comment_status":"closed","ping_status":"open","template":"","meta":{"footnotes":""},"class_list":["post-2","page","type-page","status-publish","hentry"],"yoast_head":"<!-- This site is optimized with the Yoast SEO plugin v27.4 - https:\/\/yoast.com\/product\/yoast-seo-wordpress\/ -->\n<title>A propos &#8211; Permaculture en Artois<\/title>\n<meta name=\"description\" content=\"Une association bas\u00e9e sur l\u2019\u00e9coute de la nature ou de l\u2019homme. D\u00e9couvrez cela : en nous suivant et pourquoi pas en devenant membre ?\" \/>\n<meta name=\"robots\" content=\"index, follow, max-snippet:-1, max-image-preview:large, max-video-preview:-1\" \/>\n<link rel=\"canonical\" href=\"https:\/\/permacultureenartois.fr\/index.php\/propos\/\" \/>\n<meta property=\"og:locale\" content=\"fr_FR\" \/>\n<meta property=\"og:type\" content=\"article\" \/>\n<meta property=\"og:title\" content=\"A propos &#8211; Permaculture en Artois\" \/>\n<meta property=\"og:description\" content=\"Une association bas\u00e9e sur l\u2019\u00e9coute de la nature ou de l\u2019homme. D\u00e9couvrez cela : en nous suivant et pourquoi pas en devenant membre ?\" \/>\n<meta property=\"og:url\" content=\"https:\/\/permacultureenartois.fr\/index.php\/propos\/\" \/>\n<meta property=\"og:site_name\" content=\"Permaculture en Artois\" \/>\n<meta property=\"article:publisher\" content=\"https:\/\/www.facebook.com\/permacultureenartois\/\" \/>\n<meta property=\"article:modified_time\" content=\"2024-03-24T06:45:20+00:00\" \/>\n<meta property=\"og:image\" content=\"https:\/\/permacultureenartois.fr\/wp-content\/uploads\/2021\/12\/Permartois-Logo.jpg\" \/>\n\t<meta property=\"og:image:width\" content=\"681\" \/>\n\t<meta property=\"og:image:height\" content=\"1098\" \/>\n\t<meta property=\"og:image:type\" content=\"image\/jpeg\" \/>\n<meta name=\"twitter:card\" content=\"summary_large_image\" \/>\n<meta name=\"twitter:label1\" content=\"Dur\u00e9e de lecture estim\u00e9e\" \/>\n\t<meta name=\"twitter:data1\" content=\"2 minutes\" \/>\n<script type=\"application\/ld+json\" class=\"yoast-schema-graph\">{\"@context\":\"https:\\\/\\\/schema.org\",\"@graph\":[{\"@type\":\"WebPage\",\"@id\":\"https:\\\/\\\/permacultureenartois.fr\\\/index.php\\\/propos\\\/\",\"url\":\"https:\\\/\\\/permacultureenartois.fr\\\/index.php\\\/propos\\\/\",\"name\":\"A propos &#8211; Permaculture en Artois\",\"isPartOf\":{\"@id\":\"https:\\\/\\\/permacultureenartois.fr\\\/#website\"},\"datePublished\":\"2021-12-29T08:27:12+00:00\",\"dateModified\":\"2024-03-24T06:45:20+00:00\",\"description\":\"Une association bas\u00e9e sur l\u2019\u00e9coute de la nature ou de l\u2019homme. D\u00e9couvrez cela : en nous suivant et pourquoi pas en devenant membre ?\",\"breadcrumb\":{\"@id\":\"https:\\\/\\\/permacultureenartois.fr\\\/index.php\\\/propos\\\/#breadcrumb\"},\"inLanguage\":\"fr-FR\",\"potentialAction\":[{\"@type\":\"ReadAction\",\"target\":[\"https:\\\/\\\/permacultureenartois.fr\\\/index.php\\\/propos\\\/\"]}]},{\"@type\":\"BreadcrumbList\",\"@id\":\"https:\\\/\\\/permacultureenartois.fr\\\/index.php\\\/propos\\\/#breadcrumb\",\"itemListElement\":[{\"@type\":\"ListItem\",\"position\":1,\"name\":\"Home\",\"item\":\"https:\\\/\\\/permacultureenartois.fr\\\/\"},{\"@type\":\"ListItem\",\"position\":2,\"name\":\"A propos\"}]},{\"@type\":\"WebSite\",\"@id\":\"https:\\\/\\\/permacultureenartois.fr\\\/#website\",\"url\":\"https:\\\/\\\/permacultureenartois.fr\\\/\",\"name\":\"Permaculture en Artois\",\"description\":\"Promouvoir la Permaculture et l&#039;\u00e9co culture en Artois et, \u00e0 travers elles, la Biodiversit\u00e9 et une Ecologie pleinement Vivante.\",\"publisher\":{\"@id\":\"https:\\\/\\\/permacultureenartois.fr\\\/#organization\"},\"potentialAction\":[{\"@type\":\"SearchAction\",\"target\":{\"@type\":\"EntryPoint\",\"urlTemplate\":\"https:\\\/\\\/permacultureenartois.fr\\\/?s={search_term_string}\"},\"query-input\":{\"@type\":\"PropertyValueSpecification\",\"valueRequired\":true,\"valueName\":\"search_term_string\"}}],\"inLanguage\":\"fr-FR\"},{\"@type\":\"Organization\",\"@id\":\"https:\\\/\\\/permacultureenartois.fr\\\/#organization\",\"name\":\"Permaculture en Artois\",\"url\":\"https:\\\/\\\/permacultureenartois.fr\\\/\",\"logo\":{\"@type\":\"ImageObject\",\"inLanguage\":\"fr-FR\",\"@id\":\"https:\\\/\\\/permacultureenartois.fr\\\/#\\\/schema\\\/logo\\\/image\\\/\",\"url\":\"http:\\\/\\\/permacultureenartois.fr\\\/wp-content\\\/uploads\\\/2021\\\/12\\\/Permartois-Logo.jpg\",\"contentUrl\":\"http:\\\/\\\/permacultureenartois.fr\\\/wp-content\\\/uploads\\\/2021\\\/12\\\/Permartois-Logo.jpg\",\"width\":681,\"height\":1098,\"caption\":\"Permaculture en Artois\"},\"image\":{\"@id\":\"https:\\\/\\\/permacultureenartois.fr\\\/#\\\/schema\\\/logo\\\/image\\\/\"},\"sameAs\":[\"https:\\\/\\\/www.facebook.com\\\/permacultureenartois\\\/\"]}]}<\/script>\n<!-- \/ Yoast SEO plugin. -->","yoast_head_json":{"title":"A propos &#8211; Permaculture en Artois","description":"Une association bas\u00e9e sur l\u2019\u00e9coute de la nature ou de l\u2019homme. D\u00e9couvrez cela : en nous suivant et pourquoi pas en devenant membre ?","robots":{"index":"index","follow":"follow","max-snippet":"max-snippet:-1","max-image-preview":"max-image-preview:large","max-video-preview":"max-video-preview:-1"},"canonical":"https:\/\/permacultureenartois.fr\/index.php\/propos\/","og_locale":"fr_FR","og_type":"article","og_title":"A propos &#8211; Permaculture en Artois","og_description":"Une association bas\u00e9e sur l\u2019\u00e9coute de la nature ou de l\u2019homme. D\u00e9couvrez cela : en nous suivant et pourquoi pas en devenant membre ?","og_url":"https:\/\/permacultureenartois.fr\/index.php\/propos\/","og_site_name":"Permaculture en Artois","article_publisher":"https:\/\/www.facebook.com\/permacultureenartois\/","article_modified_time":"2024-03-24T06:45:20+00:00","og_image":[{"width":681,"height":1098,"url":"https:\/\/permacultureenartois.fr\/wp-content\/uploads\/2021\/12\/Permartois-Logo.jpg","type":"image\/jpeg"}],"twitter_card":"summary_large_image","twitter_misc":{"Dur\u00e9e de lecture estim\u00e9e":"2 minutes"},"schema":{"@context":"https:\/\/schema.org","@graph":[{"@type":"WebPage","@id":"https:\/\/permacultureenartois.fr\/index.php\/propos\/","url":"https:\/\/permacultureenartois.fr\/index.php\/propos\/","name":"A propos &#8211; Permaculture en Artois","isPartOf":{"@id":"https:\/\/permacultureenartois.fr\/#website"},"datePublished":"2021-12-29T08:27:12+00:00","dateModified":"2024-03-24T06:45:20+00:00","description":"Une association bas\u00e9e sur l\u2019\u00e9coute de la nature ou de l\u2019homme. D\u00e9couvrez cela : en nous suivant et pourquoi pas en devenant membre ?","breadcrumb":{"@id":"https:\/\/permacultureenartois.fr\/index.php\/propos\/#breadcrumb"},"inLanguage":"fr-FR","potentialAction":[{"@type":"ReadAction","target":["https:\/\/permacultureenartois.fr\/index.php\/propos\/"]}]},{"@type":"BreadcrumbList","@id":"https:\/\/permacultureenartois.fr\/index.php\/propos\/#breadcrumb","itemListElement":[{"@type":"ListItem","position":1,"name":"Home","item":"https:\/\/permacultureenartois.fr\/"},{"@type":"ListItem","position":2,"name":"A propos"}]},{"@type":"WebSite","@id":"https:\/\/permacultureenartois.fr\/#website","url":"https:\/\/permacultureenartois.fr\/","name":"Permaculture en Artois","description":"Promouvoir la Permaculture et l&#039;\u00e9co culture en Artois et, \u00e0 travers elles, la Biodiversit\u00e9 et une Ecologie pleinement Vivante.","publisher":{"@id":"https:\/\/permacultureenartois.fr\/#organization"},"potentialAction":[{"@type":"SearchAction","target":{"@type":"EntryPoint","urlTemplate":"https:\/\/permacultureenartois.fr\/?s={search_term_string}"},"query-input":{"@type":"PropertyValueSpecification","valueRequired":true,"valueName":"search_term_string"}}],"inLanguage":"fr-FR"},{"@type":"Organization","@id":"https:\/\/permacultureenartois.fr\/#organization","name":"Permaculture en Artois","url":"https:\/\/permacultureenartois.fr\/","logo":{"@type":"ImageObject","inLanguage":"fr-FR","@id":"https:\/\/permacultureenartois.fr\/#\/schema\/logo\/image\/","url":"http:\/\/permacultureenartois.fr\/wp-content\/uploads\/2021\/12\/Permartois-Logo.jpg","contentUrl":"http:\/\/permacultureenartois.fr\/wp-content\/uploads\/2021\/12\/Permartois-Logo.jpg","width":681,"height":1098,"caption":"Permaculture en Artois"},"image":{"@id":"https:\/\/permacultureenartois.fr\/#\/schema\/logo\/image\/"},"sameAs":["https:\/\/www.facebook.com\/permacultureenartois\/"]}]}},"_links":{"self":[{"href":"https:\/\/permacultureenartois.fr\/index.php\/wp-json\/wp\/v2\/pages\/2","targetHints":{"allow":["GET"]}}],"collection":[{"href":"https:\/\/permacultureenartois.fr\/index.php\/wp-json\/wp\/v2\/pages"}],"about":[{"href":"https:\/\/permacultureenartois.fr\/index.php\/wp-json\/wp\/v2\/types\/page"}],"author":[{"embeddable":true,"href":"https:\/\/permacultureenartois.fr\/index.php\/wp-json\/wp\/v2\/users\/1"}],"replies":[{"embeddable":true,"href":"https:\/\/permacultureenartois.fr\/index.php\/wp-json\/wp\/v2\/comments?post=2"}],"version-history":[{"count":6,"href":"https:\/\/permacultureenartois.fr\/index.php\/wp-json\/wp\/v2\/pages\/2\/revisions"}],"predecessor-version":[{"id":194,"href":"https:\/\/permacultureenartois.fr\/index.php\/wp-json\/wp\/v2\/pages\/2\/revisions\/194"}],"wp:attachment":[{"href":"https:\/\/permacultureenartois.fr\/index.php\/wp-json\/wp\/v2\/media?parent=2"}],"curies":[{"name":"wp","href":"https:\/\/api.w.org\/{rel}","templated":true}]}}