{"id":130,"date":"2022-01-01T14:10:59","date_gmt":"2022-01-01T13:10:59","guid":{"rendered":"http:\/\/permacultureenartois.fr\/?page_id=130"},"modified":"2024-03-24T07:44:40","modified_gmt":"2024-03-24T06:44:40","slug":"lassociation","status":"publish","type":"page","link":"https:\/\/permacultureenartois.fr\/index.php\/lassociation\/","title":{"rendered":"L&rsquo;Association"},"content":{"rendered":"\n<p>Quelques informations sur l&rsquo;association<\/p>\n\n\n\n<p><\/p>\n\n\n\n<p><a href=\"https:\/\/permacultureenartois.fr\/wp-content\/uploads\/2024\/03\/Bulletin_adhesion_2024.pdf\" target=\"_blank\" rel=\"noreferrer noopener\">Bulletin d&rsquo;adh\u00e9sion 2024 ici<\/a><\/p>\n","protected":false},"excerpt":{"rendered":"<p>Quelques informations sur l&rsquo;association Bulletin d&rsquo;adh\u00e9sion 2024 ici<\/p>\n","protected":false},"author":1,"featured_media":0,"parent":0,"menu_order":0,"comment_status":"closed","ping_status":"closed","template":"","meta":{"footnotes":""},"class_list":["post-130","page","type-page","status-publish","hentry"],"yoast_head":"<!-- This site is optimized with the Yoast SEO plugin v27.4 - https:\/\/yoast.com\/product\/yoast-seo-wordpress\/ -->\n<title>L&#039;Association &#8211; Permaculture en Artois<\/title>\n<meta name=\"robots\" content=\"index, follow, max-snippet:-1, max-image-preview:large, max-video-preview:-1\" \/>\n<link rel=\"canonical\" href=\"https:\/\/permacultureenartois.fr\/index.php\/lassociation\/\" \/>\n<meta property=\"og:locale\" content=\"fr_FR\" \/>\n<meta property=\"og:type\" content=\"article\" \/>\n<meta property=\"og:title\" content=\"L&#039;Association &#8211; Permaculture en Artois\" \/>\n<meta property=\"og:description\" content=\"Quelques informations sur l&rsquo;association Bulletin d&rsquo;adh\u00e9sion 2024 ici\" \/>\n<meta property=\"og:url\" content=\"https:\/\/permacultureenartois.fr\/index.php\/lassociation\/\" \/>\n<meta property=\"og:site_name\" content=\"Permaculture en Artois\" \/>\n<meta property=\"article:publisher\" content=\"https:\/\/www.facebook.com\/permacultureenartois\/\" \/>\n<meta property=\"article:modified_time\" content=\"2024-03-24T06:44:40+00:00\" \/>\n<meta property=\"og:image\" content=\"https:\/\/permacultureenartois.fr\/wp-content\/uploads\/2021\/12\/Permartois-Logo.jpg\" \/>\n\t<meta property=\"og:image:width\" content=\"681\" \/>\n\t<meta property=\"og:image:height\" content=\"1098\" \/>\n\t<meta property=\"og:image:type\" content=\"image\/jpeg\" \/>\n<meta name=\"twitter:card\" content=\"summary_large_image\" \/>\n<meta name=\"twitter:label1\" content=\"Dur\u00e9e de lecture estim\u00e9e\" \/>\n\t<meta name=\"twitter:data1\" content=\"1 minute\" \/>\n<script type=\"application\/ld+json\" class=\"yoast-schema-graph\">{\"@context\":\"https:\\\/\\\/schema.org\",\"@graph\":[{\"@type\":\"WebPage\",\"@id\":\"https:\\\/\\\/permacultureenartois.fr\\\/index.php\\\/lassociation\\\/\",\"url\":\"https:\\\/\\\/permacultureenartois.fr\\\/index.php\\\/lassociation\\\/\",\"name\":\"L'Association &#8211; Permaculture en Artois\",\"isPartOf\":{\"@id\":\"https:\\\/\\\/permacultureenartois.fr\\\/#website\"},\"datePublished\":\"2022-01-01T13:10:59+00:00\",\"dateModified\":\"2024-03-24T06:44:40+00:00\",\"breadcrumb\":{\"@id\":\"https:\\\/\\\/permacultureenartois.fr\\\/index.php\\\/lassociation\\\/#breadcrumb\"},\"inLanguage\":\"fr-FR\",\"potentialAction\":[{\"@type\":\"ReadAction\",\"target\":[\"https:\\\/\\\/permacultureenartois.fr\\\/index.php\\\/lassociation\\\/\"]}]},{\"@type\":\"BreadcrumbList\",\"@id\":\"https:\\\/\\\/permacultureenartois.fr\\\/index.php\\\/lassociation\\\/#breadcrumb\",\"itemListElement\":[{\"@type\":\"ListItem\",\"position\":1,\"name\":\"Home\",\"item\":\"https:\\\/\\\/permacultureenartois.fr\\\/\"},{\"@type\":\"ListItem\",\"position\":2,\"name\":\"L&rsquo;Association\"}]},{\"@type\":\"WebSite\",\"@id\":\"https:\\\/\\\/permacultureenartois.fr\\\/#website\",\"url\":\"https:\\\/\\\/permacultureenartois.fr\\\/\",\"name\":\"Permaculture en Artois\",\"description\":\"Promouvoir la Permaculture et l&#039;\u00e9co culture en Artois et, \u00e0 travers elles, la Biodiversit\u00e9 et une Ecologie pleinement Vivante.\",\"publisher\":{\"@id\":\"https:\\\/\\\/permacultureenartois.fr\\\/#organization\"},\"potentialAction\":[{\"@type\":\"SearchAction\",\"target\":{\"@type\":\"EntryPoint\",\"urlTemplate\":\"https:\\\/\\\/permacultureenartois.fr\\\/?s={search_term_string}\"},\"query-input\":{\"@type\":\"PropertyValueSpecification\",\"valueRequired\":true,\"valueName\":\"search_term_string\"}}],\"inLanguage\":\"fr-FR\"},{\"@type\":\"Organization\",\"@id\":\"https:\\\/\\\/permacultureenartois.fr\\\/#organization\",\"name\":\"Permaculture en Artois\",\"url\":\"https:\\\/\\\/permacultureenartois.fr\\\/\",\"logo\":{\"@type\":\"ImageObject\",\"inLanguage\":\"fr-FR\",\"@id\":\"https:\\\/\\\/permacultureenartois.fr\\\/#\\\/schema\\\/logo\\\/image\\\/\",\"url\":\"http:\\\/\\\/permacultureenartois.fr\\\/wp-content\\\/uploads\\\/2021\\\/12\\\/Permartois-Logo.jpg\",\"contentUrl\":\"http:\\\/\\\/permacultureenartois.fr\\\/wp-content\\\/uploads\\\/2021\\\/12\\\/Permartois-Logo.jpg\",\"width\":681,\"height\":1098,\"caption\":\"Permaculture en Artois\"},\"image\":{\"@id\":\"https:\\\/\\\/permacultureenartois.fr\\\/#\\\/schema\\\/logo\\\/image\\\/\"},\"sameAs\":[\"https:\\\/\\\/www.facebook.com\\\/permacultureenartois\\\/\"]}]}<\/script>\n<!-- \/ Yoast SEO plugin. -->","yoast_head_json":{"title":"L'Association &#8211; Permaculture en Artois","robots":{"index":"index","follow":"follow","max-snippet":"max-snippet:-1","max-image-preview":"max-image-preview:large","max-video-preview":"max-video-preview:-1"},"canonical":"https:\/\/permacultureenartois.fr\/index.php\/lassociation\/","og_locale":"fr_FR","og_type":"article","og_title":"L'Association &#8211; Permaculture en Artois","og_description":"Quelques informations sur l&rsquo;association Bulletin d&rsquo;adh\u00e9sion 2024 ici","og_url":"https:\/\/permacultureenartois.fr\/index.php\/lassociation\/","og_site_name":"Permaculture en Artois","article_publisher":"https:\/\/www.facebook.com\/permacultureenartois\/","article_modified_time":"2024-03-24T06:44:40+00:00","og_image":[{"width":681,"height":1098,"url":"https:\/\/permacultureenartois.fr\/wp-content\/uploads\/2021\/12\/Permartois-Logo.jpg","type":"image\/jpeg"}],"twitter_card":"summary_large_image","twitter_misc":{"Dur\u00e9e de lecture estim\u00e9e":"1 minute"},"schema":{"@context":"https:\/\/schema.org","@graph":[{"@type":"WebPage","@id":"https:\/\/permacultureenartois.fr\/index.php\/lassociation\/","url":"https:\/\/permacultureenartois.fr\/index.php\/lassociation\/","name":"L'Association &#8211; Permaculture en Artois","isPartOf":{"@id":"https:\/\/permacultureenartois.fr\/#website"},"datePublished":"2022-01-01T13:10:59+00:00","dateModified":"2024-03-24T06:44:40+00:00","breadcrumb":{"@id":"https:\/\/permacultureenartois.fr\/index.php\/lassociation\/#breadcrumb"},"inLanguage":"fr-FR","potentialAction":[{"@type":"ReadAction","target":["https:\/\/permacultureenartois.fr\/index.php\/lassociation\/"]}]},{"@type":"BreadcrumbList","@id":"https:\/\/permacultureenartois.fr\/index.php\/lassociation\/#breadcrumb","itemListElement":[{"@type":"ListItem","position":1,"name":"Home","item":"https:\/\/permacultureenartois.fr\/"},{"@type":"ListItem","position":2,"name":"L&rsquo;Association"}]},{"@type":"WebSite","@id":"https:\/\/permacultureenartois.fr\/#website","url":"https:\/\/permacultureenartois.fr\/","name":"Permaculture en Artois","description":"Promouvoir la Permaculture et l&#039;\u00e9co culture en Artois et, \u00e0 travers elles, la Biodiversit\u00e9 et une Ecologie pleinement Vivante.","publisher":{"@id":"https:\/\/permacultureenartois.fr\/#organization"},"potentialAction":[{"@type":"SearchAction","target":{"@type":"EntryPoint","urlTemplate":"https:\/\/permacultureenartois.fr\/?s={search_term_string}"},"query-input":{"@type":"PropertyValueSpecification","valueRequired":true,"valueName":"search_term_string"}}],"inLanguage":"fr-FR"},{"@type":"Organization","@id":"https:\/\/permacultureenartois.fr\/#organization","name":"Permaculture en Artois","url":"https:\/\/permacultureenartois.fr\/","logo":{"@type":"ImageObject","inLanguage":"fr-FR","@id":"https:\/\/permacultureenartois.fr\/#\/schema\/logo\/image\/","url":"http:\/\/permacultureenartois.fr\/wp-content\/uploads\/2021\/12\/Permartois-Logo.jpg","contentUrl":"http:\/\/permacultureenartois.fr\/wp-content\/uploads\/2021\/12\/Permartois-Logo.jpg","width":681,"height":1098,"caption":"Permaculture en Artois"},"image":{"@id":"https:\/\/permacultureenartois.fr\/#\/schema\/logo\/image\/"},"sameAs":["https:\/\/www.facebook.com\/permacultureenartois\/"]}]}},"_links":{"self":[{"href":"https:\/\/permacultureenartois.fr\/index.php\/wp-json\/wp\/v2\/pages\/130","targetHints":{"allow":["GET"]}}],"collection":[{"href":"https:\/\/permacultureenartois.fr\/index.php\/wp-json\/wp\/v2\/pages"}],"about":[{"href":"https:\/\/permacultureenartois.fr\/index.php\/wp-json\/wp\/v2\/types\/page"}],"author":[{"embeddable":true,"href":"https:\/\/permacultureenartois.fr\/index.php\/wp-json\/wp\/v2\/users\/1"}],"replies":[{"embeddable":true,"href":"https:\/\/permacultureenartois.fr\/index.php\/wp-json\/wp\/v2\/comments?post=130"}],"version-history":[{"count":6,"href":"https:\/\/permacultureenartois.fr\/index.php\/wp-json\/wp\/v2\/pages\/130\/revisions"}],"predecessor-version":[{"id":193,"href":"https:\/\/permacultureenartois.fr\/index.php\/wp-json\/wp\/v2\/pages\/130\/revisions\/193"}],"wp:attachment":[{"href":"https:\/\/permacultureenartois.fr\/index.php\/wp-json\/wp\/v2\/media?parent=130"}],"curies":[{"name":"wp","href":"https:\/\/api.w.org\/{rel}","templated":true}]}}